{"id":12936,"date":"2023-04-19T11:35:03","date_gmt":"2023-04-19T11:35:03","guid":{"rendered":"https:\/\/www.avg.eu\/privacybeleid\/"},"modified":"2025-07-10T12:41:35","modified_gmt":"2025-07-10T12:41:35","slug":"datenschutz-und-cookie-erklaerung","status":"publish","type":"page","link":"https:\/\/www.avg.eu\/de\/datenschutz-und-cookie-erklarung\/","title":{"rendered":"Datenschutz- und Cookie-Erkl\u00e4rung"},"content":{"rendered":"\t\t<div data-elementor-type=\"wp-page\" data-elementor-id=\"12936\" class=\"elementor elementor-12936 elementor-3\" data-elementor-post-type=\"page\">\n\t\t\t\t<div class=\"elementor-element elementor-element-c97403a e-flex e-con-boxed e-con e-parent\" data-id=\"c97403a\" data-element_type=\"container\" data-e-type=\"container\">\n\t\t\t\t\t<div class=\"e-con-inner\">\n\t\t\t\t<div class=\"elementor-element elementor-element-dcc0a1f elementor-widget elementor-widget-text-editor\" data-id=\"dcc0a1f\" data-element_type=\"widget\" data-e-type=\"widget\" data-widget_type=\"text-editor.default\">\n\t\t\t\t\t\t\t\t\t<p>Fassung vom 23. Mai 2018<\/p><p>Die von Ihnen uns bereitgestellten personenbezogenen Daten werden den Anforderungen der Allgemeinen Datenschutzgrundverordnung (DSGVO) gem\u00e4\u00df verarbeitet.<\/p><p><strong>Zweck der Datenverarbeitung<br \/><\/strong>Wenn Sie die Website von avg.eu besuchen, werden sensible bzw. personenbezogene Daten von Ihnen verarbeitet. AVG Beheer BV und ihren Tochterunternehmen ist der Schutz Ihrer Daten besonders wichtig. Damit wir diesen so gut wie m\u00f6glich garantieren k\u00f6nnen, legen wir besonderen Wert auf eine Reihe von Grundwerten.<\/p><ul><li><strong>Information<\/strong> Wir werden Sie so gut wie m\u00f6glich dar\u00fcber informieren, wie und warum wir personenbezogene Daten verarbeiten. Das erfolgt \u00fcber diese Datenschutz- und Cookie-Erkl\u00e4rung.<\/li><li><strong style=\"font-size: 16px;\">Einschr\u00e4nkung der Erfassung<\/strong><span style=\"font-size: 16px;\"> Wir achten genauestens darauf, dass unsere Erfassung von personenbezogenen Daten auf die Daten beschr\u00e4nkt bleibt, die f\u00fcr ein ordnungsgem\u00e4\u00dfes Funktionieren der Website und die von Ihnen gew\u00fcnschten Dienstleistungen erforderlich sind.<\/span><\/li><li><strong style=\"font-size: 16px;\">Sicherung<\/strong><span style=\"font-size: 16px;\"> Wir treffen geeignete Sicherungsma\u00dfnahmen, um Ihre personenbezogenen Daten zu sch\u00fctzen und fordern dies auch von Parteien, die personenbezogene Daten in unserem Auftrag verarbeiten.<\/span><\/li><li><strong style=\"font-size: 16px;\">Einverst\u00e4ndnis<\/strong><span style=\"font-size: 16px;\"> Wir bitten vor der Verarbeitung Ihrer personenbezogenen Daten in den gesetzlich vorgeschriebenen F\u00e4llen um Ihr ausdr\u00fcckliches Einverst\u00e4ndnis.<\/span><\/li><li><strong style=\"font-size: 16px;\">Rechte von betroffenen Personen<\/strong><span style=\"font-size: 16px;\"><span style=\"font-size: 16px;\"> Wir respektieren Ihr Recht auf Zugang, Berichtigung oder L\u00f6schung Ihrer personenbezogenen Daten und gegebenenfalls sonstiger Rechte, die Sie aufgrund der geltenden Datenschutzgesetze haben.<\/span><\/span><p>\u00a0<\/p>Sie k\u00f6nnen dieser Datenschutz- und Cookie-Erkl\u00e4rung entnehmen, wie wir diese Grundwerte in die Praxis umsetzen und Ihr Recht auf Privatsph\u00e4re respektieren und sch\u00fctzen.<\/li><\/ul><p><strong style=\"font-size: 16px;\">Die Nutzung von personenbezogenen Daten<br \/><\/strong>Mit der Nutzung unserer Website hinterlassen Sie bei uns bestimmte Daten. Hierbei kann es sich um personenbezogene Daten handeln. Wir erfassen, bewahren auf und nutzen ausschlie\u00dflich die personenbezogenen Daten, die direkt von Ihnen angegeben werden (beispielsweise \u00fcber das Kontaktformular auf der Website) bzw. bei deren Angabe deutlich ist, dass sie uns zur Verarbeitung bereitgestellt werden.<\/p><p>Wir werden Ihre personenbezogenen Daten nicht zu anderen als den Zwecken nutzen, f\u00fcr die wir diese erhalten haben, es sei denn, dass Sie uns hierzu zuvor Ihr Einverst\u00e4ndnis erteilt haben bzw. wir dies kraft Gesetzes d\u00fcrfen oder hierzu verpflichtet sind. Wir k\u00f6nnen, abh\u00e4ngig davon, welche Funktionen Sie \u00fcber die Website nutzen, folgende personenbezogene Daten von Ihnen verarbeiten:<\/p><ul><li>Adressdaten;<\/li><li>Telefonnummer;<\/li><li>Rechnungsadresse;<\/li><li>E-Mail-Adresse;<\/li><li>Kontodaten;<\/li><li>Anmeldedaten.<\/li><\/ul><p>Ihre personenbezogenen Daten werden von uns zu den folgenden Zwecken (und zu Zwecken, die mit diesen im engen Zusammenhang stehen) genutzt:<\/p><ul><li>der Erstellung Ihres Kontos;<\/li><li>der Zugangskontrolle zu Ihrem Konto (nur der Benutzername\/Passwort);<\/li><li>der Abwicklung Ihrer Bestellungen;<\/li><li>der Abrechnung der bezogenen Dienstleistungen;<\/li><li>dem Versand von Newslettern (nur die E-Mail-Adresse);<\/li><li>der Verbesserung und Bewertung unserer Dienstleistung;<\/li><li>der Beantwortung und Abwicklung der von Ihnen gestellten Fragen.<\/li><\/ul><p><strong style=\"font-size: 16px;\">Kontaktformular und E-Mails\u00a0<br \/><\/strong>Sollten Sie Fragen \u00fcber AVG oder die von uns angebotenen Dienstleistungen haben, k\u00f6nnen Sie mit uns Kontakt aufnehmen. Sie k\u00f6nnen unter anderem Kontakt \u00fcber das Kontaktformular auf unserer Website und \u00fcber E-Mail aufnehmen. Konsultieren Sie f\u00fcr aktuelle Kontaktdaten unsere Kontaktseiten.<\/p><p>Wenn Sie das Kontaktformular auf der Kontaktseite ausf\u00fcllen bzw. Sie uns eine E-Mail senden, werden die von Ihnen an uns zugesandten Daten aufbewahrt, solange dies der Art des Formulars oder dem Inhalt Ihrer E-Mail gem\u00e4\u00df f\u00fcr die umfassende Beantwortung und Abwicklung dieser erforderlich ist.<\/p><p><strong>Digitaler Newsletter<br \/><\/strong>Wir bieten einen Newsletter an, mit dem wir unsere Gesch\u00e4ftskontakte \u00fcber Neuigkeiten \u00fcber unsere Dienstleistungen und verwandte Themen informieren m\u00f6chten. Ihre E-Mail-Adresse wird nur mit Ihrem Einverst\u00e4ndnis an die Liste der Empf\u00e4nger zugef\u00fcgt. Jeder Newsletter enth\u00e4lt einen Link, mit dem Sie sich einfach erneut abmelden k\u00f6nnen.<\/p><p>F\u00fcr den Versand der Newsletter nutzen wir Mailchimp. Mailchimp ist Informationen \u00fcber das Lese- und Klickverhalten von Empf\u00e4ngern des Newsletters zu entnehmen. AVG untersucht bzw. nutzt diese personenbezogenen Daten nicht. Zur Verarbeitung der Daten wurde mit Mailchimp eine Verarbeitungsvereinbarung geschlossen. Die Daten werden nicht an andere Parteien weitergegeben.<\/p><p><strong>Nutzung von Cookies<br \/><\/strong>Auf unserer Website werden Cookies genutzt. Ein Cookie ist eine kleine Datei, die mit den Seiten unserer Website mitgesendet und auf der Festplatte Ihres Ger\u00e4ts gespeichert wird. Die in einem Cookie gespeicherten Informationen k\u00f6nnen an unsere eigenen gesicherten Server oder die Server eines Dritten \u00fcbermittelt werden. Auf unserer Website werden Cookies verwendet, um:<\/p><ul><li>bestimmte Funktionen der Website zu erm\u00f6glichen und die Website zu sch\u00fctzen (technische Cookies und Funktions-Cookies).<\/li><\/ul><ul><li>die Nutzung der Website zu analysieren und auf dieser Basis die Website und unsere Dienstleistungen zu verbessern (analytische Cookies).\u00a0<\/li><\/ul><p><em><strong>Statistiken \/ GOOGLE ANALYTICS<\/strong><\/em><\/p><p><em>Diese Website nutzt Google Analytics, um zu speichern, wie die Website besucht und genutzt wird. IP-Adressen von Besuchern werden dabei anonymisiert gespeichert, um den Schutz Ihrer Daten hiermit zu garantieren. Die Weitergabe von Daten wird genauer bestimmt. AVG hat eine Verarbeitungsvereinbarung mit Google geschlossen. Sie k\u00f6nnen die Datenschutzrichtlinie von Google Analytics\u00a0<\/em><a href=\"http:\/\/support.google.com\/analytics\/answer\/6004245?hl=nl\"><em>hier<\/em><\/a><em> durchlesen. <\/em><\/p><p><strong>Cookies von externen Parteien<br \/><\/strong>Einige Cookies (die sogenannten Cookies von Drittanbietern) werden mit dem Einverst\u00e4ndnis von AVG von Dritten im Rahmen der Erbringung der Dienstleistung platziert. Diese Parteien sind: Google Maps und Mollie.<\/p><p>F\u00fcr die Cookies, die von diesen externen Parteien platziert werden, die Informationen, die sie damit erfassen und den Zweck, f\u00fcr den die Informationen genutzt werden, verweisen wir auf die Datenschutzerkl\u00e4rungen auf den eigenen Websites dieser Parteien. Diese Erkl\u00e4rungen k\u00f6nnen sich regelm\u00e4\u00dfig \u00e4ndern und AVG \u00fcbt auf diese keinen Einfluss aus.<\/p><p>Bevor Sie die Cookies von externen Parteien entfernen m\u00f6chten, konsultieren Sie diese praktischen\u00a0<a href=\"https:\/\/www.consumentenbond.nl\/internet-privacy\/cookies-verwijderen#no6\"><strong>Anweisungen<\/strong><\/a>\u00a0des niederl\u00e4ndischen Verbraucherverbands.<\/p><p><strong>Websites von Dritten<br \/><\/strong>Diese Datenschutz- und Cookie-Erkl\u00e4rung gilt nicht f\u00fcr Websites von Dritten, die mittels Verlinkungen mit unserer Website verbunden sind. Wir k\u00f6nnen nicht garantieren, dass diese Dritten mit Ihren personenbezogenen Daten auf eine verl\u00e4ssliche oder sichere Art und Weise\u00a0 umgehen. Wir empfehlen Ihnen, die Datenschutzerkl\u00e4rung dieser Websites durchzulesen, bevor Sie diese Websites nutzen.<\/p><p><strong>Vertraulichkeit und Weitergabe an Dritte<br \/><\/strong>Wir gehen mit Ihren personenbezogenen Daten vertraulich um. Die personenbezogenen Daten, die wir \u00fcber unsere Website erheben, werden durch uns nicht an andere Parteien weitergegeben, sofern diese nicht im Rahmen der Ausf\u00fchrung des Vertrags (Bezahlung \u00fcber Mollie) erforderlich sind bzw. in den F\u00e4llen, in denen uns die Weitergabe gesetzlich erlaubt oder wir zu dieser verpflichtet sind.<\/p><p><strong>Sicherung<br \/><\/strong>Wir treffen die geeigneten Sicherungsma\u00dfnahmen, um Missbrauch von und unbefugten Zugang zu Ihren personenbezogenen Daten einzuschr\u00e4nken. So sorgen wir daf\u00fcr, dass nur die Personen Zugang zu Ihren Daten erhalten, die diese ben\u00f6tigen und dass der Zugang zu Ihren personenbezogenen Daten im Allgemeinen gesperrt ist.<\/p><p><strong>Aufbewahrungsfrist<br \/><\/strong>Wir bewahren Ihre personenbezogenen Daten nicht l\u00e4nger als erforderlich f\u00fcr die Zwecke auf, f\u00fcr welche die Daten bereitgestellt oder empfangen wurden, unter Ber\u00fccksichtigung der Zwecke der Verarbeitung und m\u00f6glicher gesetzlicher Aufbewahrungsfristen.<\/p><p><strong>Rechte von betroffenen Personen<br \/><\/strong>Sollten Sie personenbezogene Daten an uns weitergegeben haben, k\u00f6nnen Sie uns einen Antrag auf Zugang, Berichtigung, Ortswechsel oder L\u00f6schung dieser Daten senden. Sie k\u00f6nnen Ihre Antr\u00e4ge richten an:<\/p><p>AVG Beheer BV, De Grens 7, 6598 DK Heijen, Niederlande.<\/p><p>Um Missbrauch zu vermeiden, k\u00f6nnen wir Sie bitten, sich auszuweisen, bevor wir Ihnen Ihre Daten zusenden. Wenn es um den Zugang zu personenbezogenen Daten verbunden mit Cookies geht, sind Sie verpflichtet, eine Kopie des betreffenden Cookies mitzusenden. Sie k\u00f6nnen diese in den Einstellungen Ihres Browsers finden.<\/p><p><strong>\u00c4nderungen der Datenschutz- und Cookie-Erkl\u00e4rung<br \/><\/strong>Wir behalten uns das Recht vor, diese Datenschutz- und Cookie-Erkl\u00e4rung anzupassen. \u00c4nderungen werden auf unserer Website ver\u00f6ffentlicht. Wir empfehlen daher, diese Erkl\u00e4rung regelm\u00e4\u00dfig zu konsultieren, sodass Sie \u00fcber eventuelle \u00c4nderungen informiert sind.<\/p><p><strong>Autoriteit Persoonsgegevens<br \/><\/strong>Sollten Sie Beschwerden \u00fcber die Verarbeitung Ihrer personenbezogenen Daten haben, helfen wir Ihnen gern weiter. Aufgrund der geltenden Datenschutzgesetzgebung haben Sie auch das Recht, eine Beschwerde bei der\u00a0<em>Autoriteit Persoonsgegevens<\/em>\u00a0[niederl\u00e4ndische Datenschutzbeh\u00f6rde] gegen die Verarbeitung Ihrer personenbezogenen Daten einzureichen. Zu diesem Zweck k\u00f6nnen Sie mit der Autoriteit Persoonsgegevens Kontakt aufnehmen.<\/p><p><strong>Kontakt<br \/><\/strong>Sollten Sie noch Fragen oder Anmerkungen haben, nachdem Sie unsere Datenschutz- und Cookie-Erkl\u00e4rung durchgelesen haben, dann k\u00f6nnen Sie mit uns \u00fcber die nachfolgenden Daten Kontakt aufnehmen.<\/p><p>AVG Beheer BV<\/p><p>De Grens 7<\/p><p>6598 DK Heijen<\/p><p><strong>Postanschrift<\/strong><\/p><p>Postbus 160<\/p><p>6590 AD Gennep, Niederlande<\/p><p>Tel.:\u00a0<a href=\"tel:310485802020\">+31(0)485 802020<\/a><\/p><p>Fax: +31(0)485 802080<\/p><p>E-Mail:\u00a0<a href=\"mailto:info@avg.eu\">info@avg.eu<\/a><\/p>\t\t\t\t\t\t\t\t<\/div>\n\t\t\t\t\t<\/div>\n\t\t\t\t<\/div>\n\t\t\t\t<\/div>\n\t\t","protected":false},"excerpt":{"rendered":"<p>Fassung vom 23. Mai 2018 Die von Ihnen uns bereitgestellten personenbezogenen Daten werden den Anforderungen der Allgemeinen Datenschutzgrundverordnung (DSGVO) gem\u00e4\u00df verarbeitet. Zweck der Datenverarbeitung Wenn Sie die Website von avg.eu besuchen, werden sensible bzw. personenbezogene Daten von Ihnen verarbeitet. AVG Beheer BV und ihren Tochterunternehmen ist der Schutz Ihrer Daten besonders wichtig. Damit wir diesen [&hellip;]<\/p>\n","protected":false},"author":2,"featured_media":0,"parent":0,"menu_order":0,"comment_status":"closed","ping_status":"open","template":"","meta":{"_acf_changed":false,"inline_featured_image":false,"site-sidebar-layout":"default","site-content-layout":"","ast-site-content-layout":"default","site-content-style":"default","site-sidebar-style":"default","ast-global-header-display":"","ast-banner-title-visibility":"","ast-main-header-display":"","ast-hfb-above-header-display":"","ast-hfb-below-header-display":"","ast-hfb-mobile-header-display":"","site-post-title":"","ast-breadcrumbs-content":"","ast-featured-img":"","footer-sml-layout":"","ast-disable-related-posts":"","theme-transparent-header-meta":"default","adv-header-id-meta":"","stick-header-meta":"","header-above-stick-meta":"","header-main-stick-meta":"","header-below-stick-meta":"","astra-migrate-meta-layouts":"set","ast-page-background-enabled":"default","ast-page-background-meta":{"desktop":{"background-color":"var(--ast-global-color-4)","background-image":"","background-repeat":"repeat","background-position":"center center","background-size":"auto","background-attachment":"scroll","background-type":"","background-media":"","overlay-type":"","overlay-color":"","overlay-opacity":"","overlay-gradient":""},"tablet":{"background-color":"","background-image":"","background-repeat":"repeat","background-position":"center center","background-size":"auto","background-attachment":"scroll","background-type":"","background-media":"","overlay-type":"","overlay-color":"","overlay-opacity":"","overlay-gradient":""},"mobile":{"background-color":"","background-image":"","background-repeat":"repeat","background-position":"center center","background-size":"auto","background-attachment":"scroll","background-type":"","background-media":"","overlay-type":"","overlay-color":"","overlay-opacity":"","overlay-gradient":""}},"ast-content-background-meta":{"desktop":{"background-color":"var(--ast-global-color-5)","background-image":"","background-repeat":"repeat","background-position":"center center","background-size":"auto","background-attachment":"scroll","background-type":"","background-media":"","overlay-type":"","overlay-color":"","overlay-opacity":"","overlay-gradient":""},"tablet":{"background-color":"var(--ast-global-color-5)","background-image":"","background-repeat":"repeat","background-position":"center center","background-size":"auto","background-attachment":"scroll","background-type":"","background-media":"","overlay-type":"","overlay-color":"","overlay-opacity":"","overlay-gradient":""},"mobile":{"background-color":"var(--ast-global-color-5)","background-image":"","background-repeat":"repeat","background-position":"center center","background-size":"auto","background-attachment":"scroll","background-type":"","background-media":"","overlay-type":"","overlay-color":"","overlay-opacity":"","overlay-gradient":""}},"footnotes":""},"class_list":["post-12936","page","type-page","status-publish","hentry"],"acf":[],"yoast_head":"<!-- This site is optimized with the Yoast SEO plugin v27.5 - https:\/\/yoast.com\/product\/yoast-seo-wordpress\/ -->\n<title>Datenschutz- und Cookie-Erkl\u00e4rung - AVG<\/title>\n<meta name=\"description\" content=\"Datenschutz- und Cookie-Erkl\u00e4rung von AVG: Alle Informationen zur Verarbeitung personenbezogener Daten und Cookie-Nutzung gem\u00e4\u00df DSGVO.\" \/>\n<meta name=\"robots\" content=\"noindex, follow\" \/>\n<meta property=\"og:locale\" content=\"de_DE\" \/>\n<meta property=\"og:type\" content=\"article\" \/>\n<meta property=\"og:title\" content=\"Datenschutz- und Cookie-Erkl\u00e4rung - AVG\" \/>\n<meta property=\"og:description\" content=\"Datenschutz- und Cookie-Erkl\u00e4rung von AVG: Alle Informationen zur Verarbeitung personenbezogener Daten und Cookie-Nutzung gem\u00e4\u00df DSGVO.\" \/>\n<meta property=\"og:url\" content=\"https:\/\/www.avg.eu\/de\/datenschutz-und-cookie-erklarung\/\" \/>\n<meta property=\"og:site_name\" content=\"AVG\" \/>\n<meta property=\"article:publisher\" content=\"https:\/\/www.facebook.com\/AVG.Heijen\/\" \/>\n<meta property=\"article:modified_time\" content=\"2025-07-10T12:41:35+00:00\" \/>\n<meta name=\"twitter:card\" content=\"summary_large_image\" \/>\n<meta name=\"twitter:label1\" content=\"Gesch\u00e4tzte Lesezeit\" \/>\n\t<meta name=\"twitter:data1\" content=\"7\u00a0Minuten\" \/>\n<script type=\"application\/ld+json\" class=\"yoast-schema-graph\">{\"@context\":\"https:\\\/\\\/schema.org\",\"@graph\":[{\"@type\":\"WebPage\",\"@id\":\"https:\\\/\\\/www.avg.eu\\\/de\\\/datenschutz-und-cookie-erklarung\\\/\",\"url\":\"https:\\\/\\\/www.avg.eu\\\/de\\\/datenschutz-und-cookie-erklarung\\\/\",\"name\":\"Datenschutz- und Cookie-Erkl\u00e4rung - AVG\",\"isPartOf\":{\"@id\":\"https:\\\/\\\/www.avg.eu\\\/de\\\/#website\"},\"datePublished\":\"2023-04-19T11:35:03+00:00\",\"dateModified\":\"2025-07-10T12:41:35+00:00\",\"description\":\"Datenschutz- und Cookie-Erkl\u00e4rung von AVG: Alle Informationen zur Verarbeitung personenbezogener Daten und Cookie-Nutzung gem\u00e4\u00df DSGVO.\",\"breadcrumb\":{\"@id\":\"https:\\\/\\\/www.avg.eu\\\/de\\\/datenschutz-und-cookie-erklarung\\\/#breadcrumb\"},\"inLanguage\":\"de\",\"potentialAction\":[{\"@type\":\"ReadAction\",\"target\":[\"https:\\\/\\\/www.avg.eu\\\/de\\\/datenschutz-und-cookie-erklarung\\\/\"]}]},{\"@type\":\"BreadcrumbList\",\"@id\":\"https:\\\/\\\/www.avg.eu\\\/de\\\/datenschutz-und-cookie-erklarung\\\/#breadcrumb\",\"itemListElement\":[{\"@type\":\"ListItem\",\"position\":1,\"name\":\"Home\",\"item\":\"https:\\\/\\\/www.avg.eu\\\/\"},{\"@type\":\"ListItem\",\"position\":2,\"name\":\"Datenschutz- und Cookie-Erkl\u00e4rung\"}]},{\"@type\":\"WebSite\",\"@id\":\"https:\\\/\\\/www.avg.eu\\\/de\\\/#website\",\"url\":\"https:\\\/\\\/www.avg.eu\\\/de\\\/\",\"name\":\"AVG\",\"description\":\"\",\"publisher\":{\"@id\":\"https:\\\/\\\/www.avg.eu\\\/de\\\/#organization\"},\"potentialAction\":[{\"@type\":\"SearchAction\",\"target\":{\"@type\":\"EntryPoint\",\"urlTemplate\":\"https:\\\/\\\/www.avg.eu\\\/de\\\/?s={search_term_string}\"},\"query-input\":{\"@type\":\"PropertyValueSpecification\",\"valueRequired\":true,\"valueName\":\"search_term_string\"}}],\"inLanguage\":\"de\"},{\"@type\":\"Organization\",\"@id\":\"https:\\\/\\\/www.avg.eu\\\/de\\\/#organization\",\"name\":\"AVG\",\"url\":\"https:\\\/\\\/www.avg.eu\\\/de\\\/\",\"logo\":{\"@type\":\"ImageObject\",\"inLanguage\":\"de\",\"@id\":\"https:\\\/\\\/www.avg.eu\\\/de\\\/#\\\/schema\\\/logo\\\/image\\\/\",\"url\":\"https:\\\/\\\/www.avg.eu\\\/wp-content\\\/uploads\\\/2024\\\/06\\\/logo-avg-1.png\",\"contentUrl\":\"https:\\\/\\\/www.avg.eu\\\/wp-content\\\/uploads\\\/2024\\\/06\\\/logo-avg-1.png\",\"width\":375,\"height\":219,\"caption\":\"AVG\"},\"image\":{\"@id\":\"https:\\\/\\\/www.avg.eu\\\/de\\\/#\\\/schema\\\/logo\\\/image\\\/\"},\"sameAs\":[\"https:\\\/\\\/www.facebook.com\\\/AVG.Heijen\\\/\",\"https:\\\/\\\/www.instagram.com\\\/avgheijen\\\/\",\"https:\\\/\\\/www.linkedin.com\\\/company\\\/avg-bv\\\/\",\"https:\\\/\\\/www.tiktok.com\\\/@avgheijen\"]}]}<\/script>\n<!-- \/ Yoast SEO plugin. -->","yoast_head_json":{"title":"Datenschutz- und Cookie-Erkl\u00e4rung - AVG","description":"Datenschutz- und Cookie-Erkl\u00e4rung von AVG: Alle Informationen zur Verarbeitung personenbezogener Daten und Cookie-Nutzung gem\u00e4\u00df DSGVO.","robots":{"index":"noindex","follow":"follow"},"og_locale":"de_DE","og_type":"article","og_title":"Datenschutz- und Cookie-Erkl\u00e4rung - AVG","og_description":"Datenschutz- und Cookie-Erkl\u00e4rung von AVG: Alle Informationen zur Verarbeitung personenbezogener Daten und Cookie-Nutzung gem\u00e4\u00df DSGVO.","og_url":"https:\/\/www.avg.eu\/de\/datenschutz-und-cookie-erklarung\/","og_site_name":"AVG","article_publisher":"https:\/\/www.facebook.com\/AVG.Heijen\/","article_modified_time":"2025-07-10T12:41:35+00:00","twitter_card":"summary_large_image","twitter_misc":{"Gesch\u00e4tzte Lesezeit":"7\u00a0Minuten"},"schema":{"@context":"https:\/\/schema.org","@graph":[{"@type":"WebPage","@id":"https:\/\/www.avg.eu\/de\/datenschutz-und-cookie-erklarung\/","url":"https:\/\/www.avg.eu\/de\/datenschutz-und-cookie-erklarung\/","name":"Datenschutz- und Cookie-Erkl\u00e4rung - AVG","isPartOf":{"@id":"https:\/\/www.avg.eu\/de\/#website"},"datePublished":"2023-04-19T11:35:03+00:00","dateModified":"2025-07-10T12:41:35+00:00","description":"Datenschutz- und Cookie-Erkl\u00e4rung von AVG: Alle Informationen zur Verarbeitung personenbezogener Daten und Cookie-Nutzung gem\u00e4\u00df DSGVO.","breadcrumb":{"@id":"https:\/\/www.avg.eu\/de\/datenschutz-und-cookie-erklarung\/#breadcrumb"},"inLanguage":"de","potentialAction":[{"@type":"ReadAction","target":["https:\/\/www.avg.eu\/de\/datenschutz-und-cookie-erklarung\/"]}]},{"@type":"BreadcrumbList","@id":"https:\/\/www.avg.eu\/de\/datenschutz-und-cookie-erklarung\/#breadcrumb","itemListElement":[{"@type":"ListItem","position":1,"name":"Home","item":"https:\/\/www.avg.eu\/"},{"@type":"ListItem","position":2,"name":"Datenschutz- und Cookie-Erkl\u00e4rung"}]},{"@type":"WebSite","@id":"https:\/\/www.avg.eu\/de\/#website","url":"https:\/\/www.avg.eu\/de\/","name":"AVG","description":"","publisher":{"@id":"https:\/\/www.avg.eu\/de\/#organization"},"potentialAction":[{"@type":"SearchAction","target":{"@type":"EntryPoint","urlTemplate":"https:\/\/www.avg.eu\/de\/?s={search_term_string}"},"query-input":{"@type":"PropertyValueSpecification","valueRequired":true,"valueName":"search_term_string"}}],"inLanguage":"de"},{"@type":"Organization","@id":"https:\/\/www.avg.eu\/de\/#organization","name":"AVG","url":"https:\/\/www.avg.eu\/de\/","logo":{"@type":"ImageObject","inLanguage":"de","@id":"https:\/\/www.avg.eu\/de\/#\/schema\/logo\/image\/","url":"https:\/\/www.avg.eu\/wp-content\/uploads\/2024\/06\/logo-avg-1.png","contentUrl":"https:\/\/www.avg.eu\/wp-content\/uploads\/2024\/06\/logo-avg-1.png","width":375,"height":219,"caption":"AVG"},"image":{"@id":"https:\/\/www.avg.eu\/de\/#\/schema\/logo\/image\/"},"sameAs":["https:\/\/www.facebook.com\/AVG.Heijen\/","https:\/\/www.instagram.com\/avgheijen\/","https:\/\/www.linkedin.com\/company\/avg-bv\/","https:\/\/www.tiktok.com\/@avgheijen"]}]}},"_links":{"self":[{"href":"https:\/\/www.avg.eu\/de\/wp-json\/wp\/v2\/pages\/12936","targetHints":{"allow":["GET"]}}],"collection":[{"href":"https:\/\/www.avg.eu\/de\/wp-json\/wp\/v2\/pages"}],"about":[{"href":"https:\/\/www.avg.eu\/de\/wp-json\/wp\/v2\/types\/page"}],"author":[{"embeddable":true,"href":"https:\/\/www.avg.eu\/de\/wp-json\/wp\/v2\/users\/2"}],"replies":[{"embeddable":true,"href":"https:\/\/www.avg.eu\/de\/wp-json\/wp\/v2\/comments?post=12936"}],"version-history":[{"count":5,"href":"https:\/\/www.avg.eu\/de\/wp-json\/wp\/v2\/pages\/12936\/revisions"}],"predecessor-version":[{"id":18703,"href":"https:\/\/www.avg.eu\/de\/wp-json\/wp\/v2\/pages\/12936\/revisions\/18703"}],"wp:attachment":[{"href":"https:\/\/www.avg.eu\/de\/wp-json\/wp\/v2\/media?parent=12936"}],"curies":[{"name":"wp","href":"https:\/\/api.w.org\/{rel}","templated":true}]}}